{"id":431,"date":"2024-06-05T11:35:37","date_gmt":"2024-06-05T06:35:37","guid":{"rendered":"https:\/\/gowapk.com\/?page_id=431"},"modified":"2025-06-07T10:07:42","modified_gmt":"2025-06-07T05:07:42","slug":"whatsapp-plus-17-85-descargar-e-instalar-apk-junio-2024","status":"publish","type":"page","link":"https:\/\/gowapk.com\/es\/","title":{"rendered":"WhatsApp Plus 18.40 | Descargar e Instalar GB WhatsApp Plus APK Junio 2025"},"content":{"rendered":"<style>.kb-image431_4b5eb4-67.kb-image-is-ratio-size, .kb-image431_4b5eb4-67 .kb-image-is-ratio-size{max-width:643px;width:100%;}.wp-block-kadence-column > .kt-inside-inner-col > .kb-image431_4b5eb4-67.kb-image-is-ratio-size, .wp-block-kadence-column > .kt-inside-inner-col > .kb-image431_4b5eb4-67 .kb-image-is-ratio-size{align-self:unset;}.kb-image431_4b5eb4-67 figure{max-width:643px;}.kb-image431_4b5eb4-67 .image-is-svg, .kb-image431_4b5eb4-67 .image-is-svg img{width:100%;}.kb-image431_4b5eb4-67 .kb-image-has-overlay:after{opacity:0.3;}<\/style>\n<div class=\"wp-block-kadence-image kb-image431_4b5eb4-67\"><figure class=\"aligncenter size-large\"><img decoding=\"async\" width=\"1024\" height=\"614\" src=\"https:\/\/gowapk.com\/wp-content\/uploads\/2024\/06\/Descargar-WhatsApp-Plus-1024x614.webp\" alt=\"WhatsApp Plus\" class=\"kb-img wp-image-453\" srcset=\"https:\/\/gowapk.com\/wp-content\/uploads\/2024\/06\/Descargar-WhatsApp-Plus-1024x614.webp 1024w, https:\/\/gowapk.com\/wp-content\/uploads\/2024\/06\/Descargar-WhatsApp-Plus-300x180.webp 300w, https:\/\/gowapk.com\/wp-content\/uploads\/2024\/06\/Descargar-WhatsApp-Plus-768x461.webp 768w, https:\/\/gowapk.com\/wp-content\/uploads\/2024\/06\/Descargar-WhatsApp-Plus.webp 1200w\" sizes=\"(max-width: 1024px) 100vw, 1024px\" \/><\/figure><\/div>\n\n\n<style>.wp-block-kadence-advancedbtn.kb-btns431_35ce55-0d{gap:var(--global-kb-gap-xs, 0.5rem );justify-content:center;align-items:center;}.kt-btns431_35ce55-0d .kt-button{font-weight:normal;font-style:normal;}.kt-btns431_35ce55-0d .kt-btn-wrap-0{margin-right:5px;}.wp-block-kadence-advancedbtn.kt-btns431_35ce55-0d .kt-btn-wrap-0 .kt-button{color:#555555;border-color:#555555;}.wp-block-kadence-advancedbtn.kt-btns431_35ce55-0d .kt-btn-wrap-0 .kt-button:hover, .wp-block-kadence-advancedbtn.kt-btns431_35ce55-0d .kt-btn-wrap-0 .kt-button:focus{color:#ffffff;border-color:#444444;}.wp-block-kadence-advancedbtn.kt-btns431_35ce55-0d .kt-btn-wrap-0 .kt-button::before{display:none;}.wp-block-kadence-advancedbtn.kt-btns431_35ce55-0d .kt-btn-wrap-0 .kt-button:hover, .wp-block-kadence-advancedbtn.kt-btns431_35ce55-0d .kt-btn-wrap-0 .kt-button:focus{background:#444444;}<\/style>\n<div class=\"wp-block-kadence-advancedbtn kb-buttons-wrap kb-btns431_35ce55-0d\"><style>.wp-block-kadence-advancedbtn .kb-btn431_1b9437-9a.kb-button, ul.menu .wp-block-kadence-advancedbtn .kb-btn431_1b9437-9a.kb-button{width:600px;}<\/style><a class=\"kb-button kt-button button kb-btn431_1b9437-9a kt-btn-size-standard kt-btn-width-type-fixed kb-btn-global-inherit  kt-btn-has-text-true kt-btn-has-svg-false  wp-block-button__link wp-block-kadence-singlebtn\" href=\"https:\/\/d.gowapk.com\/whatsapp_Plus_Updated.apk\" rel=\" nofollow\"><span class=\"kt-btn-inner-text\">Descargar WhatsApp Plus<\/span><\/a><\/div>\n\n\n\n<p><a href=\"https:\/\/gowapk.com\/es\/descargar-gb-whatsapp\/\"><em><strong>Descargar GB WhatsApp<\/strong><\/em><\/a> .<\/p>\n\n\n\n<h2 class=\"wp-block-heading\">Descargar WhatsApp Plus GB<\/h2>\n\n\n\n<p>Desde su salida WhatsApp cambi\u00f3 nuestra forma de comunicarnos a trav\u00e9s de los mensajes de texto. Est\u00e1 aplicaci\u00f3n nos permiti\u00f3 comunicarnos con nuestros seres queridos de una forma r\u00e1pida y eficaz. Esto se debe a que cuenta con una interfaz amigable e intuitiva que no tard\u00f3 en instalarse en nuestra cotidianidad.<\/p>\n\n\n\n<p>Y si te dijera que existe una versi\u00f3n de WhatsApp, que no solo cuenta con las funciones de la aplicaci\u00f3n, sino que tiene todas esas herramientas y funciones que siempre hab\u00edas querido de la app \u00bfMe creer\u00edas?<\/p>\n\n\n\n<p>WhatsApp Plus es una versi\u00f3n mejorada de la aplicaci\u00f3n de mensajer\u00eda y si no sabes qu\u00e9 es y quieres saber lo que ofrece o c\u00f3mo instalarla \u00a1qu\u00e9date con nosotros.<\/p>\n\n\n\n<script async src=\"https:\/\/pagead2.googlesyndication.com\/pagead\/js\/adsbygoogle.js?client=ca-pub-1972101600252087\"\n     crossorigin=\"anonymous\"><\/script>\n<!-- gowapk -->\n<ins class=\"adsbygoogle\"\n     style=\"display:block\"\n     data-ad-client=\"ca-pub-1972101600252087\"\n     data-ad-slot=\"5266676726\"\n     data-ad-format=\"auto\"\n     data-full-width-responsive=\"true\"><\/ins>\n<script>\n     (adsbygoogle = window.adsbygoogle || []).push({});\n<\/script>\n\n\n\n<h2 class=\"wp-block-heading\">\u00bfQu\u00e9 es WhatsApp Plus y para qu\u00e9 sirve?<\/h2>\n\n\n\n<p><strong><em>WhatsApp GB Plus<\/em><\/strong> es una aplicaci\u00f3n basada en WhatsApp. Es decir, es una app de mensajer\u00eda instant\u00e1nea, pero que cuenta con m\u00e1s opciones de configuraci\u00f3n, de privacidad y personalizable. \u00a1Es la versi\u00f3n definitiva que estabas esperando!&nbsp;<\/p>\n\n\n\n<p>En pocas palabras, es una mejora de las funciones que ya tienes en WhatsApp, sumando nuevas opciones, para que puedas aprovechar la aplicaci\u00f3n al m\u00e1ximo. Por ejemplo, con esta app puedes compartir archivos de gran tama\u00f1o, no tiene casi l\u00edmites en cuanto al peso de los ficheros que puedes enviar o recibir.<\/p>\n\n\n\n<p><a href=\"https:\/\/gowapk.com\/es\/descargar-gb-whatsapp\/\"><em><strong>Descargar GBWhatsApp<\/strong><\/em><\/a> .<\/p>\n\n\n\n<h2 class=\"wp-block-heading\">Funciones y caracter\u00edsticas principales de GB WhatsApp Plus<\/h2>\n\n\n\n<p>Son muchas las funciones y elementos que ofrece esta app, por eso hemos hecho una selecci\u00f3n de las m\u00e1s destacas.<\/p>\n\n\n\n<p>En cuanto a privacidad tienes esta diversidad de opciones:<\/p>\n\n\n\n<ul class=\"wp-block-list\">\n<li>Ocultar el doble check de confirmaci\u00f3n de lectura.<\/li>\n\n\n\n<li>Puedes mostrarte siempre en l\u00ednea o por el contrario no mostrar nunca que lo est\u00e1s.<\/li>\n\n\n\n<li>Ver las historias y estados de tus contactos sin que lo sepan.<\/li>\n\n\n\n<li>Esconder la foto de perfil a los contactos que elijas.<\/li>\n\n\n\n<li>Opci\u00f3n de ver mensajes o historias borradas por otros contactos.<\/li>\n\n\n\n<li>Eliminar la frase \u201creenviado\u201d de un mensaje reenviado.<\/li>\n\n\n\n<li>Silenciar llamadas de tus contactos y no solo de desconocidos.<\/li>\n<\/ul>\n\n\n\n<p>Opciones para mensajer\u00eda:<\/p>\n\n\n\n<ul class=\"wp-block-list\">\n<li>Puedes configurar que tus contactos no eliminen los mensajes que te han enviado.<\/li>\n\n\n\n<li>Programar mensajes para env\u00edo autom\u00e1tico.<\/li>\n\n\n\n<li>Capacidad de compartir m\u00e1s de 10 im\u00e1genes a la vez.<\/li>\n\n\n\n<li>Reenviar estados de otras personas.<\/li>\n\n\n\n<li>Compartir im\u00e1genes de alta resoluci\u00f3n.<\/li>\n\n\n\n<li>Puedes enviar mensajes de hasta 250 caracteres.<\/li>\n\n\n\n<li>Podr\u00e1s enviar mensajes a n\u00fameros que no tienes guardados pero que si usen la app.<\/li>\n<\/ul>\n\n\n\n<p>Funcionales de personalizaci\u00f3n y dise\u00f1o:<\/p>\n\n\n\n<ul class=\"wp-block-list\">\n<li>Gran abanico de temas que puedes descargar de la tienda WA Plus.<\/li>\n\n\n\n<li>M\u00faltiples emojis con la est\u00e9tica de Facebook, Android, iPhone, etc.<\/li>\n\n\n\n<li>Crear chats a tu estilo usando los distintos tipos de fuente.<\/li>\n\n\n\n<li>Diversidad en fondos de pantallas.<\/li>\n\n\n\n<li>Personalizaci\u00f3n de los colores de la app seg\u00fan tu gusto.<\/li>\n\n\n\n<li>Animaciones y estilos para personalizar la aplicaci\u00f3n.<\/li>\n<\/ul>\n\n\n\n<p>Estas son algunas de las funciones que podr\u00e1s encontrar en esta versi\u00f3n mejorada de tu app de mensajer\u00eda instant\u00e1nea favorita.<\/p>\n\n\n<style>.kb-image431_7a2337-ee.kb-image-is-ratio-size, .kb-image431_7a2337-ee .kb-image-is-ratio-size{max-width:647px;width:100%;}.wp-block-kadence-column > .kt-inside-inner-col > .kb-image431_7a2337-ee.kb-image-is-ratio-size, .wp-block-kadence-column > .kt-inside-inner-col > .kb-image431_7a2337-ee .kb-image-is-ratio-size{align-self:unset;}.kb-image431_7a2337-ee figure{max-width:647px;}.kb-image431_7a2337-ee .image-is-svg, .kb-image431_7a2337-ee .image-is-svg img{width:100%;}.kb-image431_7a2337-ee .kb-image-has-overlay:after{opacity:0.3;}<\/style>\n<div class=\"wp-block-kadence-image kb-image431_7a2337-ee\"><figure class=\"aligncenter size-large\"><img decoding=\"async\" width=\"1024\" height=\"614\" src=\"https:\/\/gowapk.com\/wp-content\/uploads\/2024\/06\/WhatsApp-Plus-1024x614.webp\" alt=\"Descargar WhatsApp Plus\" class=\"kb-img wp-image-449\" srcset=\"https:\/\/gowapk.com\/wp-content\/uploads\/2024\/06\/WhatsApp-Plus-1024x614.webp 1024w, https:\/\/gowapk.com\/wp-content\/uploads\/2024\/06\/WhatsApp-Plus-300x180.webp 300w, https:\/\/gowapk.com\/wp-content\/uploads\/2024\/06\/WhatsApp-Plus-768x461.webp 768w, https:\/\/gowapk.com\/wp-content\/uploads\/2024\/06\/WhatsApp-Plus.webp 1200w\" sizes=\"(max-width: 1024px) 100vw, 1024px\" \/><\/figure><\/div>\n\n\n<style>.wp-block-kadence-advancedbtn.kb-btns431_da6e99-cc{gap:var(--global-kb-gap-xs, 0.5rem );justify-content:center;align-items:center;}.kt-btns431_da6e99-cc .kt-button{font-weight:normal;font-style:normal;}.kt-btns431_da6e99-cc .kt-btn-wrap-0{margin-right:5px;}.wp-block-kadence-advancedbtn.kt-btns431_da6e99-cc .kt-btn-wrap-0 .kt-button{color:#555555;border-color:#555555;}.wp-block-kadence-advancedbtn.kt-btns431_da6e99-cc .kt-btn-wrap-0 .kt-button:hover, .wp-block-kadence-advancedbtn.kt-btns431_da6e99-cc .kt-btn-wrap-0 .kt-button:focus{color:#ffffff;border-color:#444444;}.wp-block-kadence-advancedbtn.kt-btns431_da6e99-cc .kt-btn-wrap-0 .kt-button::before{display:none;}.wp-block-kadence-advancedbtn.kt-btns431_da6e99-cc .kt-btn-wrap-0 .kt-button:hover, .wp-block-kadence-advancedbtn.kt-btns431_da6e99-cc .kt-btn-wrap-0 .kt-button:focus{background:#444444;}<\/style>\n<div class=\"wp-block-kadence-advancedbtn kb-buttons-wrap kb-btns431_da6e99-cc\"><style>ul.menu .wp-block-kadence-advancedbtn .kb-btn431_87b46e-80.kb-button{width:initial;}<\/style><a class=\"kb-button kt-button button kb-btn431_87b46e-80 kt-btn-size-large kt-btn-width-type-full kb-btn-global-fill  kt-btn-has-text-true kt-btn-has-svg-false  wp-block-kadence-singlebtn\" href=\"https:\/\/d.gowapk.com\/whatsapp_Plus_Updated.apk\" rel=\" nofollow\"><span class=\"kt-btn-inner-text\">Descargar GB WhatsApp Plus<\/span><\/a><\/div>\n\n\n\n<h2 class=\"wp-block-heading\">Descarga de la aplicaci\u00f3n WhatsApp Plus GB<\/h2>\n\n\n\n<p>Ahora que conoces lo que puede hacer WhatsApp Plus, estar\u00e1s pregunt\u00e1ndote d\u00f3nde puedes conseguirla, c\u00f3mo instalarla y qu\u00e9 requisitos necesita tu equipo para tenerla. \u00a1No te preocupes, aqu\u00ed te contamos todo!<\/p>\n\n\n\n<p>Lo primero que debes saber sobre WhatsApp Plus, es que no la encontrar\u00e1s en Google Play o en App Store. Esto se debe a que esta versi\u00f3n de la cl\u00e1sica app de mensajer\u00eda instant\u00e1nea, no cumple con los requisitos que estas plataformas piden para exhibir en sus tiendas una aplicaci\u00f3n.<\/p>\n\n\n\n<p>Es por eso que debes buscar en algunas webs de software para dispositivos m\u00f3viles el archivo APK o instalador de WA Plus. O Tambi\u00e9n, puedes directamente descargar la ultima versi\u00f3n en el siguiente enlace<\/p>\n\n\n\n<p>Descarga tu WhatsApp Plus Actualizado aqu\u00ed<\/p>\n\n\n\n<h3 class=\"wp-block-heading\">Requisitos GBWhatsApp Plus<\/h3>\n\n\n\n<p>Lo segundo que debes tener en cuenta antes de descargar e instalar WA Plus, es si tu dispositivo m\u00f3vil cuenta con las condiciones para que la aplicaci\u00f3n trabaje sin problemas:<\/p>\n\n\n\n<ul class=\"wp-block-list\">\n<li>Sistema operativo Android.<\/li>\n\n\n\n<li>Versi\u00f3n Android m\u00ednima 4.4.<\/li>\n\n\n\n<li>Espacio de almacenamiento de 60 a 80 Mb (peso aproximado del archivo APK).<\/li>\n<\/ul>\n\n\n\n<p>&nbsp;Si cumples con todo, es hora de aprender a instalar tu nuevo y mejorado WhatsApp.<\/p>\n\n\n\n<h2 class=\"wp-block-heading\">\u00bfC\u00f3mo instalar WhatsApp Plus Verde?<\/h2>\n\n\n\n<p> ?<\/p>\n\n\n\n<p>Esta gu\u00eda paso a paso, te ayudar\u00e1 a instalar WhatsApp Plus en tu m\u00f3vil. Ten en cuenta que, ya debes tener descargado el archivo APK previamente antes de comenzar la instalaci\u00f3n:<\/p>\n\n\n\n<ol class=\"wp-block-list\">\n<li>Desinstala el WhatsApp original si lo tienes en tu dispositivo. Ambas versiones no pueden estar en el mismo m\u00f3vil.<\/li>\n\n\n\n<li>En tu dispositivo m\u00f3vil debes activar la \u201cinstalaci\u00f3n de aplicaciones desconocidas\u201d. Para hacerlo sigue la ruta Ajustes &gt; Seguridad &gt; Instalar aplic. desconocidas y busca el archivo APK para dar el permiso.<\/li>\n\n\n\n<li>Ve a tu archivo instalador APK dale clic y procede a instalar.<\/li>\n<\/ol>\n\n\n\n<h2 class=\"wp-block-heading\">wuappas plus<\/h2>\n\n\n\n<p>\u00a1Listo! Ya tienes WhatsApp Plus instalado en 3 simples pasos. Ten presente que, la ruta de acceso para el permiso de instalar apps desconocidas puede variar seg\u00fan la versi\u00f3n de Android o dispositivo m\u00f3vil que se use. Asimismo, algunos equipos requerir\u00e1n la desactivaci\u00f3n de Play Protect para la instalaci\u00f3n de esta aplicaci\u00f3n.<\/p>\n\n\n\n<p>Recuerda que, al momento de instalar WhatsApp Plus, no puedes tener instalada la app de WhatsApp original, ya que esto puede llevar a errores de instalaci\u00f3n de la versi\u00f3n Plus.<\/p>\n\n\n\n<h2 class=\"wp-block-heading\">Novedades incluidas en la \u00faltima actualizaci\u00f3n<\/h2>\n\n\n\n<p>La \u00faltima versi\u00f3n de WhatsApp Plus trae consigo nuevas funciones que seguro te gustar\u00e1n:<\/p>\n\n\n\n<ul class=\"wp-block-list\">\n<li>Interfaz con estilo moderno con capacidad de redise\u00f1ar el men\u00fa de llamadas.<\/li>\n\n\n\n<li>Dentro de los chats, tendr\u00e1s un bot\u00f3n de acceso directo para buscar mensajes.<\/li>\n\n\n\n<li>Podr\u00e1s invitar a chat grupales a tus amigos, compartiendo un enlace de invitaci\u00f3n.<\/li>\n\n\n\n<li>Traducci\u00f3n autom\u00e1tica de mensajes que recibas en otros idiomas.<\/li>\n\n\n\n<li>Eliminar en 90 d\u00edas los mensajes temporales.<\/li>\n\n\n\n<li>Funci\u00f3n de dibujo para compartir con otros usuarios.<\/li>\n\n\n\n<li>Tienda DIY, donde podr\u00e1s crear temas y compartirlos o usarlos en la plataforma.<\/li>\n<\/ul>\n\n\n\n<p>Consigue la \u00faltima versi\u00f3n descargando la APK e instal\u00e1ndola siguiendo los pasos que te dejamos arriba.<\/p>\n\n\n\n<h2 class=\"wp-block-heading\">Ventajas y desventajas de usar WhatsApp GB Plus y WhatsApp original<\/h2>\n\n\n\n<p>Hasta ahora has conocido las funciones y herramientas que ponen a WhatsApp Plus por encima de su versi\u00f3n original.<\/p>\n\n\n\n<p>Sin embargo, tambi\u00e9n debes conocer los elementos que quedan por fuera de esta aplicaci\u00f3n al no ser desarrollada por Meta. Por eso, vamos a comparar algunas caracter\u00edsticas en com\u00fan de ambas apps.<\/p>\n\n\n\n<ul class=\"wp-block-list\">\n<li>Lo primero: el desarrollador. WhatsApp plus ha sido creado por un tercero que no trabaja para Meta, mientras que el WhatsApp original s\u00ed. Esto puede ser beneficioso para quienes no quieran que sus datos terminen en las manos del gigante de las redes sociales.&nbsp; Pero, a su vez, puede generar alguna preocupaci\u00f3n al no conocer de lleno qui\u00e9n es el creador de esta versi\u00f3n Plus.<\/li>\n\n\n\n<li>En cuanto a funciones de privacidad, WA Plus nos permite configurar de manera m\u00e1s minuciosa la privacidad. Mientras que WhatsApp, cuenta con una configuraci\u00f3n b\u00e1sica, &nbsp;que no puede ser manipulable.<\/li>\n\n\n\n<li>Si hablamos de seguridad, WhatsApp original es m\u00e1s seguro gracias al cifrado de extremo a extremo. La versi\u00f3n Plus no cuenta con este cifrado, lo que nos deja con la posibilidad de ser baneados.<\/li>\n\n\n\n<li>Otro punto importante a comparar es la actualizaci\u00f3n de cada aplicaci\u00f3n. En el WhatsApp original la actualizaci\u00f3n se da de forma autom\u00e1tica a trav\u00e9s de la Play store. Con la versi\u00f3n Plus, tienes que descargar la actualizaci\u00f3n cada vez que sale e instalarla manualmente.<\/li>\n\n\n\n<li>Por \u00faltimo, en el env\u00edo de datos WA Plus tiene una ventaja enorme, ya que podr\u00e1s compartir archivos sin reducir su calidad y sin importar el peso. Mientras que su contraparte original, cuenta con l\u00edmites de peso, a su vez que reduce la calidad de los archivos multimedia para el ahorro de datos.<\/li>\n<\/ul>\n\n\n\n<p>Como ves cada versi\u00f3n cuenta con ventajas y desventajas respectivas sobre la otra. Usar una aplicaci\u00f3n o la otra, depender\u00e1 de las necesidades que tengas. Sin embargo, aqu\u00ed te contamos todo, para que tomes la decisi\u00f3n m\u00e1s correcta para ti. Lo que nos lleva nuestro \u00faltimo punto: los riesgos de usar WhatsApp Plus.<\/p>\n\n\n\n<h2 class=\"wp-block-heading\">Riesgos asociados a WhatsApp Plus<\/h2>\n\n\n\n<p>En la secci\u00f3n anterior se asomaron algunos de los riesgos implicados en el uso de WA Plus. Por eso aqu\u00ed te contamos en m\u00e1s detalle cu\u00e1les son esos peligros y qu\u00e9 posibles consecuencias tiene para ti.<\/p>\n\n\n\n<p>Uno de los principales riesgos se encuentra en el bloqueo o baneo de la plataforma original de WhatsApp. Ya que si la versi\u00f3n original nota que estas usando la versi\u00f3n Plus, puede suspenderte para siempre de la app oficial. Esta es la raz\u00f3n principal, de que no pueden tenerse ambos WhatsApps a la vez instalados.<\/p>\n\n\n\n<p>Otro punto a tener en cuenta, es que, al tratarse de una versi\u00f3n no oficial, sus servidores pueden presentar ca\u00eddas, lo que te har\u00eda perder tu informaci\u00f3n. Asimismo, al ser una app desarrollada por terceros, tus datos pueden estar en riesgo, igual que tu dispositivo m\u00f3vil.<\/p>\n\n\n\n<p>Tambi\u00e9n, debes saber que <strong><em>wuappas plus<\/em><\/strong> puede cambiar de sistema operativo. Lo que implica que puede agregar y quitar funciones seg\u00fan su conveniencia.<\/p>\n\n\n\n<p>Es importante tener presente toda esta informaci\u00f3n antes de instalar la versi\u00f3n Plus. Asimismo, recuerda que puedes volver a la versi\u00f3n original en cualquier momento, solo si no has sido baneado de la plataforma.<\/p>\n\n\n\n<p><a id=\"_msocom_1\"><\/a><\/p>\n\n\n\n<p><a id=\"_msocom_2\"><\/a><\/p>\n\n\n\n<p><\/p>\n\n\n\n<p><\/p>\n","protected":false},"excerpt":{"rendered":"<p>Descargar GB WhatsApp . Descargar WhatsApp Plus GB Desde su salida WhatsApp cambi\u00f3 nuestra forma de comunicarnos a trav\u00e9s de los mensajes de texto. Est\u00e1 aplicaci\u00f3n nos permiti\u00f3 comunicarnos con nuestros seres queridos de una forma r\u00e1pida y eficaz. Esto se debe a que cuenta con una interfaz amigable e intuitiva que no tard\u00f3 en&#8230;<\/p>\n","protected":false},"author":1,"featured_media":449,"parent":0,"menu_order":0,"comment_status":"closed","ping_status":"closed","template":"","meta":{"_kad_blocks_custom_css":"","_kad_blocks_head_custom_js":"","_kad_blocks_body_custom_js":"","_kad_blocks_footer_custom_js":"","_kad_post_transparent":"","_kad_post_title":"","_kad_post_layout":"","_kad_post_sidebar_id":"","_kad_post_content_style":"","_kad_post_vertical_padding":"","_kad_post_feature":"","_kad_post_feature_position":"","_kad_post_header":false,"_kad_post_footer":false,"_kad_post_classname":"","footnotes":""},"class_list":["post-431","page","type-page","status-publish","has-post-thumbnail","hentry"],"taxonomy_info":[],"featured_image_src_large":["https:\/\/gowapk.com\/wp-content\/uploads\/2024\/06\/WhatsApp-Plus-1024x614.webp",1024,614,true],"author_info":{"display_name":"anees","author_link":"https:\/\/gowapk.com\/es\/author\/anees\/"},"comment_info":0,"_links":{"self":[{"href":"https:\/\/gowapk.com\/es\/wp-json\/wp\/v2\/pages\/431","targetHints":{"allow":["GET"]}}],"collection":[{"href":"https:\/\/gowapk.com\/es\/wp-json\/wp\/v2\/pages"}],"about":[{"href":"https:\/\/gowapk.com\/es\/wp-json\/wp\/v2\/types\/page"}],"author":[{"embeddable":true,"href":"https:\/\/gowapk.com\/es\/wp-json\/wp\/v2\/users\/1"}],"replies":[{"embeddable":true,"href":"https:\/\/gowapk.com\/es\/wp-json\/wp\/v2\/comments?post=431"}],"version-history":[{"count":0,"href":"https:\/\/gowapk.com\/es\/wp-json\/wp\/v2\/pages\/431\/revisions"}],"wp:featuredmedia":[{"embeddable":true,"href":"https:\/\/gowapk.com\/es\/wp-json\/wp\/v2\/media\/449"}],"wp:attachment":[{"href":"https:\/\/gowapk.com\/es\/wp-json\/wp\/v2\/media?parent=431"}],"curies":[{"name":"wp","href":"https:\/\/api.w.org\/{rel}","templated":true}]}}