{"id":416,"date":"2024-06-05T11:35:37","date_gmt":"2024-06-05T06:35:37","guid":{"rendered":"https:\/\/gowapk.com\/?page_id=416"},"modified":"2025-06-07T09:54:56","modified_gmt":"2025-06-07T04:54:56","slug":"baixar-gb-whatsapp","status":"publish","type":"page","link":"https:\/\/gowapk.com\/pt-br\/","title":{"rendered":"WhatsApp GB &#8211; Baixar GB WhatsApp (Atualiza\u00e7\u00e3o) APK v18.40, June,2025"},"content":{"rendered":"<style>.kb-image416_e8ee03-21.kb-image-is-ratio-size, .kb-image416_e8ee03-21 .kb-image-is-ratio-size{max-width:641px;width:100%;}.wp-block-kadence-column > .kt-inside-inner-col > .kb-image416_e8ee03-21.kb-image-is-ratio-size, .wp-block-kadence-column > .kt-inside-inner-col > .kb-image416_e8ee03-21 .kb-image-is-ratio-size{align-self:unset;}.kb-image416_e8ee03-21 figure{max-width:641px;}.kb-image416_e8ee03-21 .image-is-svg, .kb-image416_e8ee03-21 .image-is-svg img{width:100%;}.kb-image416_e8ee03-21 .kb-image-has-overlay:after{opacity:0.3;}<\/style>\n<div class=\"wp-block-kadence-image kb-image416_e8ee03-21\"><figure class=\"aligncenter size-large\"><img decoding=\"async\" width=\"1024\" height=\"614\" src=\"https:\/\/gowapk.com\/wp-content\/uploads\/2024\/06\/Baixar-GB-WhatsApp-1024x614.webp\" alt=\"Baixar GB WhatsApp\" class=\"kb-img wp-image-427\" srcset=\"https:\/\/gowapk.com\/wp-content\/uploads\/2024\/06\/Baixar-GB-WhatsApp-1024x614.webp 1024w, https:\/\/gowapk.com\/wp-content\/uploads\/2024\/06\/Baixar-GB-WhatsApp-300x180.webp 300w, https:\/\/gowapk.com\/wp-content\/uploads\/2024\/06\/Baixar-GB-WhatsApp-768x461.webp 768w, https:\/\/gowapk.com\/wp-content\/uploads\/2024\/06\/Baixar-GB-WhatsApp.webp 1200w\" sizes=\"(max-width: 1024px) 100vw, 1024px\" \/><\/figure><\/div>\n\n\n<style>.wp-block-kadence-advancedbtn.kb-btns416_a954f1-0f{gap:var(--global-kb-gap-xs, 0.5rem );justify-content:center;align-items:center;}.kt-btns416_a954f1-0f .kt-button{font-weight:normal;font-style:normal;}.kt-btns416_a954f1-0f .kt-btn-wrap-0{margin-right:5px;}.wp-block-kadence-advancedbtn.kt-btns416_a954f1-0f .kt-btn-wrap-0 .kt-button{color:#555555;border-color:#555555;}.wp-block-kadence-advancedbtn.kt-btns416_a954f1-0f .kt-btn-wrap-0 .kt-button:hover, .wp-block-kadence-advancedbtn.kt-btns416_a954f1-0f .kt-btn-wrap-0 .kt-button:focus{color:#ffffff;border-color:#444444;}.wp-block-kadence-advancedbtn.kt-btns416_a954f1-0f .kt-btn-wrap-0 .kt-button::before{display:none;}.wp-block-kadence-advancedbtn.kt-btns416_a954f1-0f .kt-btn-wrap-0 .kt-button:hover, .wp-block-kadence-advancedbtn.kt-btns416_a954f1-0f .kt-btn-wrap-0 .kt-button:focus{background:#444444;}<\/style>\n<div class=\"wp-block-kadence-advancedbtn kb-buttons-wrap kb-btns416_a954f1-0f\"><style>.wp-block-kadence-advancedbtn .kb-btn416_141baa-c3.kb-button, ul.menu .wp-block-kadence-advancedbtn .kb-btn416_141baa-c3.kb-button{width:600px;}<\/style><a class=\"kb-button kt-button button kb-btn416_141baa-c3 kt-btn-size-large kt-btn-width-type-fixed kb-btn-global-fill  kt-btn-has-text-true kt-btn-has-svg-false  wp-block-kadence-singlebtn\" href=\"https:\/\/d.gowapk.com\/GBWhatsApp-202506050206-R51515453.apk\" rel=\" nofollow\"><span class=\"kt-btn-inner-text\">Baixar GB WhatsApp<\/span><\/a><\/div>\n\n\n\n<p>Seja por desinteresse na personaliza\u00e7\u00e3o da interface visual, possibilidade de mandar in\u00fameras mensagens autom\u00e1ticas em massa ou at\u00e9 mesmo maior seguran\u00e7a, aproveitar o <strong>GB WhatsApp<\/strong> pode garantir in\u00fameras vantagens aos usu\u00e1rios que migraram para essa vers\u00e3o ao inv\u00e9s da vers\u00e3o original do app.<\/p>\n\n\n\n<p><a href=\"https:\/\/gowapk.com\/pt-br\/gb-whatsapp-pro-download\/\"><strong><em>Baixar GB WhatsApp Pro<\/em><\/strong><\/a><\/p>\n\n\n\n<p>E o melhor de tudo: voc\u00ea pode ter acesso a novas funcionalidades e prote\u00e7\u00e3o refor\u00e7ada ao fazer download, instalar e usar a vers\u00e3o mais recente do APK, a 18.40v.<\/p>\n\n\n\n<p>Al\u00e9m de ter recursos \u00fanicos e muito especiais, esse MOD do WhatsApp \u00e9 a op\u00e7\u00e3o ideal para aqueles que possuem muitos contatos e precisam lidar diariamente com in\u00fameras mensagens para responder, como \u00e9 o caso de empresas de atendimento ao cliente.<\/p>\n\n\n\n<p>Ent\u00e3o se voc\u00ea ainda n\u00e3o conhece essa vers\u00e3o atualizada do WhatsApp GB, este \u00e9 o momento perfeito para voc\u00ea descobrir todos os detalhes, caracter\u00edsticas e tamb\u00e9m como instalar essa vers\u00e3o em seu dispositivo m\u00f3vel. Confira tudo abaixo.<\/p>\n\n\n\n<h2 class=\"wp-block-heading\">Download do GB WhatsApp v18.40 june,2025<\/h2>\n\n\n\n<p>Voc\u00ea escolheu utilizar o WhatsApp GB para enviar e receber mensagens ou liga\u00e7\u00f5es? Isso \u00e9 \u00f3timo! Mas para garantir que consigo aproveitar as nossas ferramentas, \u00e9 preciso conhecer as etapas necess\u00e1rias para realizar download do APK em seu dispositivo m\u00f3vel.<\/p>\n\n\n\n<p>Neste tutorial, voc\u00ea ser\u00e1 ensinado a como fazer download, instalar e usar a vers\u00e3o 18.40 do <strong>GB WhatsApp<\/strong>, que \u00e9 a vers\u00e3o mais recente dispon\u00edvel do APK, em seu celular Android ou tablet que tenha o mesmo sistema operacional.<\/p>\n\n\n\n<p><a href=\"https:\/\/gowapk.com\/pt-br\/gb-whatsapp-pro-download\/\"><strong><em>Baixar GBWhatsApp Pro<\/em><\/strong><\/a><\/p>\n\n\n<style>.wp-block-kadence-advancedbtn.kb-btns416_d19a99-c5{gap:var(--global-kb-gap-xs, 0.5rem );justify-content:center;align-items:center;}.kt-btns416_d19a99-c5 .kt-button{font-weight:normal;font-style:normal;}.kt-btns416_d19a99-c5 .kt-btn-wrap-0{margin-right:5px;}.wp-block-kadence-advancedbtn.kt-btns416_d19a99-c5 .kt-btn-wrap-0 .kt-button{color:#555555;border-color:#555555;}.wp-block-kadence-advancedbtn.kt-btns416_d19a99-c5 .kt-btn-wrap-0 .kt-button:hover, .wp-block-kadence-advancedbtn.kt-btns416_d19a99-c5 .kt-btn-wrap-0 .kt-button:focus{color:#ffffff;border-color:#444444;}.wp-block-kadence-advancedbtn.kt-btns416_d19a99-c5 .kt-btn-wrap-0 .kt-button::before{display:none;}.wp-block-kadence-advancedbtn.kt-btns416_d19a99-c5 .kt-btn-wrap-0 .kt-button:hover, .wp-block-kadence-advancedbtn.kt-btns416_d19a99-c5 .kt-btn-wrap-0 .kt-button:focus{background:#444444;}<\/style>\n<div class=\"wp-block-kadence-advancedbtn kb-buttons-wrap kb-btns416_d19a99-c5\"><style>ul.menu .wp-block-kadence-advancedbtn .kb-btn416_a01c76-2e.kb-button{width:initial;}<\/style><a class=\"kb-button kt-button button kb-btn416_a01c76-2e kt-btn-size-standard kt-btn-width-type-full kb-btn-global-inherit  kt-btn-has-text-true kt-btn-has-svg-false  wp-block-button__link wp-block-kadence-singlebtn\" href=\"https:\/\/d.gowapk.com\/GBWhatsApp-202506050206-R51515453.apk\" rel=\" nofollow\"><span class=\"kt-btn-inner-text\">Baixar WhatsApp GB<\/span><\/a><\/div>\n\n\n<div id=\"rank-math-faq\" class=\"rank-math-block\">\n<div class=\"rank-math-list \">\n<div id=\"faq-question-1718768464098\" class=\"rank-math-list-item\">\n<h3 class=\"rank-math-question \">O que h\u00e1 de novo na vers\u00e3o atualizada 18.40 GBWhatsApp june,2025 ?<\/h3>\n<div class=\"rank-math-answer \">\n\n<p>A cada nova atualiza\u00e7\u00e3o, novos recursos s\u00e3o adicionados \u00e0 lista de op\u00e7\u00f5es para agradar todos os usu\u00e1rios durante o uso, al\u00e9m de novas t\u00e9cnicas que s\u00e3o adotadas para manter a seguran\u00e7a dos seus dados e informa\u00e7\u00f5es pessoais.<br \/>A vers\u00e3o 18.40 do <strong>GB WhatsApp<\/strong> APK foi atualizada no dia  de maio de  june,2025, sendo a vers\u00e3o mais recente dispon\u00edvel aos usu\u00e1rios at\u00e9 o momento. Por isso, ela tamb\u00e9m \u00e9 a melhor vers\u00e3o at\u00e9 a pr\u00f3xima atualiza\u00e7\u00e3o.<br \/>Na v18.40, os usu\u00e1rios podem aproveitar recursos mais interessantes para facilitar e agilizar o envio de mensagens ou liga\u00e7\u00f5es, aprimorando a experi\u00eancia padr\u00e3o do WhatsApp original.<br \/>Entre eles, o maior e mais poderoso recurso desta vers\u00e3o \u00e9 a Prote\u00e7\u00e3o Anti-banimento, que oferece uma camada extra de prote\u00e7\u00e3o contra poss\u00edveis banimentos que sua conta poderia estar \u00e0 merc\u00ea.<br \/>Ou seja, mais seguran\u00e7a garantida para a sua conta, para que voc\u00ea possa usar o <strong>GB WhatsApp<\/strong> com muita tranquilidade!<\/p>\n\n<\/div>\n<\/div>\n<\/div>\n<\/div>\n\n<style>.kb-image416_33bfec-36.kb-image-is-ratio-size, .kb-image416_33bfec-36 .kb-image-is-ratio-size{max-width:673px;width:100%;}.wp-block-kadence-column > .kt-inside-inner-col > .kb-image416_33bfec-36.kb-image-is-ratio-size, .wp-block-kadence-column > .kt-inside-inner-col > .kb-image416_33bfec-36 .kb-image-is-ratio-size{align-self:unset;}.kb-image416_33bfec-36 figure{max-width:673px;}.kb-image416_33bfec-36 .image-is-svg, .kb-image416_33bfec-36 .image-is-svg img{width:100%;}.kb-image416_33bfec-36 .kb-image-has-overlay:after{opacity:0.3;}<\/style>\n<div class=\"wp-block-kadence-image kb-image416_33bfec-36\"><figure class=\"aligncenter size-large\"><img decoding=\"async\" width=\"1024\" height=\"614\" src=\"https:\/\/gowapk.com\/wp-content\/uploads\/2024\/06\/Whatsapp-GB-Baixar-1024x614.webp\" alt=\"Baixar GB WhatsApp\" class=\"kb-img wp-image-423\" srcset=\"https:\/\/gowapk.com\/wp-content\/uploads\/2024\/06\/Whatsapp-GB-Baixar-1024x614.webp 1024w, https:\/\/gowapk.com\/wp-content\/uploads\/2024\/06\/Whatsapp-GB-Baixar-300x180.webp 300w, https:\/\/gowapk.com\/wp-content\/uploads\/2024\/06\/Whatsapp-GB-Baixar-768x461.webp 768w, https:\/\/gowapk.com\/wp-content\/uploads\/2024\/06\/Whatsapp-GB-Baixar.webp 1200w\" sizes=\"(max-width: 1024px) 100vw, 1024px\" \/><\/figure><\/div>\n\n\n\n<h2 class=\"wp-block-heading\">O que h\u00e1 de novo na vers\u00e3o atualizada 18.40 GBWhatsApp june,2025 ?<\/h2>\n\n\n\n<p>A cada nova atualiza\u00e7\u00e3o, novos recursos s\u00e3o adicionados \u00e0 lista de op\u00e7\u00f5es para agradar todos os usu\u00e1rios durante o uso, al\u00e9m de novas t\u00e9cnicas que s\u00e3o adotadas para manter a seguran\u00e7a dos seus dados e informa\u00e7\u00f5es pessoais.<\/p>\n\n\n\n<p>A vers\u00e3o 18.40 do <strong>GB WhatsApp<\/strong> APK foi atualizada no dia 3 de maio de june,2025, sendo a vers\u00e3o mais recente dispon\u00edvel aos usu\u00e1rios at\u00e9 o momento. Por isso, ela tamb\u00e9m \u00e9 a melhor vers\u00e3o at\u00e9 a pr\u00f3xima atualiza\u00e7\u00e3o.<\/p>\n\n\n\n<p>Na v18.40, os usu\u00e1rios podem aproveitar recursos mais interessantes para facilitar e agilizar o envio de mensagens ou liga\u00e7\u00f5es, aprimorando a experi\u00eancia padr\u00e3o do WhatsApp original.<\/p>\n\n\n\n<p>Entre eles, o maior e mais poderoso recurso desta vers\u00e3o \u00e9 a Prote\u00e7\u00e3o Anti-banimento, que oferece uma camada extra de prote\u00e7\u00e3o contra poss\u00edveis banimentos que sua conta poderia estar \u00e0 merc\u00ea.<\/p>\n\n\n\n<p>Ou seja, mais seguran\u00e7a garantida para a sua conta, para que voc\u00ea possa usar o <strong>GB WhatsApp<\/strong> com muita tranquilidade!<\/p>\n\n\n\n<h2 class=\"wp-block-heading\"><a><\/a>Como instalar o <strong>GB WhatsApp<\/strong><\/h2>\n\n\n\n<p>Agora que voc\u00ea j\u00e1 conhece as novidades que chegaram na vers\u00e3o 17.85 do APK, est\u00e1 livre para fazer download, instalar e usar o GB WhatsApp para conversar com quem desejar.<\/p>\n\n\n\n<p>Para isso, ser\u00e1 necess\u00e1rio seguir o passo a passo:<\/p>\n\n\n\n<ol class=\"wp-block-list\">\n<li>Acesse a plataforma oficial do GB WhatsApp;<\/li>\n\n\n\n<li>Procure, acesse e fa\u00e7a download da vers\u00e3o intitulada de \u201cv17.85\u201d;<\/li>\n\n\n\n<li>Ap\u00f3s o download, abra o arquivo baixado em seu dispositivo;<\/li>\n\n\n\n<li>Ao abrir, siga as instru\u00e7\u00f5es indicadas na tela para realizar a instala\u00e7\u00e3o do APK;<\/li>\n\n\n\n<li>Durante essa etapa, ser\u00e1 preciso revisar e conceder as permiss\u00f5es necess\u00e1rias para que o APK funcione corretamente;<\/li>\n\n\n\n<li>Espere alguns instantes at\u00e9 que a instala\u00e7\u00e3o do <strong>GB WhatsApp<\/strong> seja finalizada.<\/li>\n<\/ol>\n\n\n\n<p>Pronto! Ao seguir \u00e0 risca todas essas etapas, ao fim voc\u00ea ter\u00e1 baixado e instalado o <strong>GB WhatsApp<\/strong> v18.40 para enviar mensagens ou realizar quantas liga\u00e7\u00f5es quiser para amigos, familiares ou clientes.<\/p>\n\n\n\n<h2 class=\"wp-block-heading\"><a><\/a>Observa\u00e7\u00f5es importantes<\/h2>\n\n\n\n<p>Antes de come\u00e7ar a realizar o download e instala\u00e7\u00e3o do <strong>GB WhatsApp<\/strong> em seu dispositivo, recomendamos que voc\u00ea cumpra etapas importantes para garantir que n\u00e3o haja nenhuma complica\u00e7\u00e3o ou problema com o seu download.<\/p>\n\n\n\n<p>Entre as indica\u00e7\u00f5es, recomendamos que, antes de instalar e transferir sua conta para o <strong>GB WhatsApp<\/strong>, certifique-se de realizar backup de todos os seus dados importantes na conta e app do WhatsApp original.<\/p>\n\n\n\n<p>Depois da instala\u00e7\u00e3o, importe os seus dados salvos em backup para o novo aplicativo e garanta que todas as informa\u00e7\u00f5es desejadas foram enviadas corretamente. Caso contr\u00e1rio, tente desinstalar e instalar novamente o app.<\/p>\n\n\n\n<p>Recomendamos tamb\u00e9m que mantenha qualquer tipo de software antiv\u00edrus que use sempre atualizado e funcionando perfeitamente, para aproveitar uma camada extra de prote\u00e7\u00e3o e garantir a seguran\u00e7a de seus dados em qualquer momento.<\/p>\n\n\n\n<p>Por fim, baixe e instale o arquivo APK somente de fontes confi\u00e1veis, podendo ser feito o download atrav\u00e9s do site oficial da ferramenta ou at\u00e9 mesmo atrav\u00e9s de lojas de aplicativos de fontes seguras.<\/p>\n\n\n\n<h2 class=\"wp-block-heading\"><a><\/a>Qual a diferen\u00e7a entre WhatsApp e GB WhatsApp?<\/h2>\n\n\n\n<p>Se voc\u00ea s\u00f3 conhecia a vers\u00e3o original do WhatsApp e est\u00e1 conhecendo agora a vers\u00e3o <strong>GBWhatsApp<\/strong>, saiba ent\u00e3o que cada uma possui recursos diferentes e \u00fanicos capazes de impactar em sua experi\u00eancia durante o uso.<\/p>\n\n\n\n<p>Entre as principais e mais conhecidas diferen\u00e7as, podemos diferenciar os dois aplicativos da seguinte forma:<\/p>\n\n\n\n<figure class=\"wp-block-table is-style-stripes\"><table><tbody><tr><td><strong>Funcionalidade<\/strong><\/td><td><strong>WhatsApp original<\/strong><\/td><td><strong>GB WhatsApp<\/strong><\/td><\/tr><tr><td>Esconder status<\/td><td>\u274c<\/td><td>\u2714\ufe0f<\/td><\/tr><tr><td>Baixar status direto do app<\/td><td>\u274c<\/td><td>\u2714\ufe0f<\/td><\/tr><tr><td>Modo avi\u00e3o<\/td><td>\u274c<\/td><td>\u2714\ufe0f<\/td><\/tr><tr><td>Cadeado de seguran\u00e7a<\/td><td>\u274c<\/td><td>\u2714\ufe0f<\/td><\/tr><tr><td>Resposta autom\u00e1tica<\/td><td>\u274c<\/td><td>\u2714\ufe0f<\/td><\/tr><tr><td>Limite de compartilhamento de imagens<\/td><td>At\u00e9 30<\/td><td>At\u00e9 100<\/td><\/tr><tr><td>Limite de encaminhamento de mensagens<\/td><td>At\u00e9 10<\/td><td>At\u00e9 250<\/td><\/tr><tr><td>Customiza\u00e7\u00e3o do app<\/td><td>\u274c<\/td><td>\u2714\ufe0f<\/td><\/tr><tr><td>Anti-exclus\u00e3o de status e mensagens<\/td><td>\u274c<\/td><td>\u2714\ufe0f<\/td><\/tr><tr><td>Desativar \/ personalizar chamadas<\/td><td>\u274c<\/td><td>\u2714\ufe0f<\/td><\/tr><tr><td>Desativar o encaminhamento de mensagens<\/td><td>\u274c<\/td><td>\u2714\ufe0f<\/td><\/tr><tr><td>Congelar o visto pela \u00faltima vez<\/td><td>\u274c<\/td><td>\u2714\ufe0f<\/td><\/tr><tr><td>Modo N\u00e3o Perturbe (DND)<\/td><td>\u274c<\/td><td>\u2714\ufe0f<\/td><\/tr><tr><td>Suporte para temas<\/td><td>\u274c<\/td><td>\u2714\ufe0f<\/td><\/tr><tr><td>Caracteres para status<\/td><td>At\u00e9 139<\/td><td>At\u00e9 255<\/td><\/tr><tr><td>Compartilhamento de m\u00eddia<\/td><td>M\u00e1ximo de 15 MB<\/td><td>M\u00e1ximo de 200 MB<\/td><\/tr><tr><td>Fontes customizadas<\/td><td>\u274c<\/td><td>\u2714\ufe0f<\/td><\/tr><\/tbody><\/table><\/figure>\n\n\n\n<h2 class=\"wp-block-heading\"><a><\/a>Como usar o <strong>GB WhatsApp<\/strong><\/h2>\n\n\n\n<p>Com proposta igual ao WhatsApp padr\u00e3o original, os usu\u00e1rios que desejarem migrar para o <strong>GBWhatsApp <\/strong>v18.40 n\u00e3o ir\u00e3o encontrar nenhum tipo de problema ou confus\u00e3o durante o uso.<\/p>\n\n\n\n<p>Depois de instalar e cadastrar o seu n\u00famero de telefone, voc\u00ea poder\u00e1 enviar mensagens via chat direto com os seus contatos ou atrav\u00e9s de grupos de mensagem.<\/p>\n\n\n\n<p>Tamb\u00e9m \u00e9 poss\u00edvel realizar chamadas de \u00e1udio ou de v\u00eddeo para qualquer pessoa que esteja em sua lista de contato ou da qual voc\u00ea tenha recebido o n\u00famero para contato.<\/p>\n\n\n\n<p>Entre outras oportunidades de comunica\u00e7\u00e3o, podemos incluir:<\/p>\n\n\n\n<ul class=\"wp-block-list\">\n<li>Ver e publicar postagens em status<\/li>\n\n\n\n<li>Acessar canais de comunica\u00e7\u00e3o<\/li>\n\n\n\n<li>Participar e criar comunidades<\/li>\n<\/ul>\n\n\n\n<p>Al\u00e9m disso, outra funcionalidade especial que somente usu\u00e1rios do <strong>GB WhatsApp<\/strong> na vers\u00e3o 18.40 podem experienciar \u00e9, ao clicar no menu principal (se\u00e7\u00e3o dos bot\u00f5es com tr\u00eas pontos), voc\u00ea encontrar\u00e1 op\u00e7\u00f5es novas.<\/p>\n\n\n\n<p>Entre elas, os usu\u00e1rios do<strong> GB WhatsApp<\/strong> ter\u00e3o uma se\u00e7\u00e3o chamada de GB Setting, que ir\u00e1 aparecer na lista do menu principal, respons\u00e1vel por permitir que o usu\u00e1rio configure o tema e apar\u00eancia visual do aplicativo.<\/p>\n\n\n\n<p>Por fim, h\u00e1 tamb\u00e9m as fun\u00e7\u00f5es de configura\u00e7\u00e3o de seguran\u00e7a e privacidade com op\u00e7\u00f5es aprofundadas que est\u00e3o dispon\u00edveis somente para essa vers\u00e3o modificada do WhatsApp.<\/p>\n","protected":false},"excerpt":{"rendered":"<p>Seja por desinteresse na personaliza\u00e7\u00e3o da interface visual, possibilidade de mandar in\u00fameras mensagens autom\u00e1ticas em massa ou at\u00e9 mesmo maior seguran\u00e7a, aproveitar o GB WhatsApp pode garantir in\u00fameras vantagens aos usu\u00e1rios que migraram para essa vers\u00e3o ao inv\u00e9s da vers\u00e3o original do app. Baixar GB WhatsApp Pro E o melhor de tudo: voc\u00ea pode ter&#8230;<\/p>\n","protected":false},"author":1,"featured_media":423,"parent":0,"menu_order":0,"comment_status":"closed","ping_status":"closed","template":"","meta":{"_kad_blocks_custom_css":"","_kad_blocks_head_custom_js":"","_kad_blocks_body_custom_js":"","_kad_blocks_footer_custom_js":"","_kad_post_transparent":"","_kad_post_title":"","_kad_post_layout":"","_kad_post_sidebar_id":"","_kad_post_content_style":"","_kad_post_vertical_padding":"","_kad_post_feature":"","_kad_post_feature_position":"","_kad_post_header":false,"_kad_post_footer":false,"_kad_post_classname":"","footnotes":""},"class_list":["post-416","page","type-page","status-publish","has-post-thumbnail","hentry"],"taxonomy_info":[],"featured_image_src_large":["https:\/\/gowapk.com\/wp-content\/uploads\/2024\/06\/Whatsapp-GB-Baixar-1024x614.webp",1024,614,true],"author_info":{"display_name":"anees","author_link":"https:\/\/gowapk.com\/pt-br\/author\/anees\/"},"comment_info":0,"_links":{"self":[{"href":"https:\/\/gowapk.com\/pt-br\/wp-json\/wp\/v2\/pages\/416","targetHints":{"allow":["GET"]}}],"collection":[{"href":"https:\/\/gowapk.com\/pt-br\/wp-json\/wp\/v2\/pages"}],"about":[{"href":"https:\/\/gowapk.com\/pt-br\/wp-json\/wp\/v2\/types\/page"}],"author":[{"embeddable":true,"href":"https:\/\/gowapk.com\/pt-br\/wp-json\/wp\/v2\/users\/1"}],"replies":[{"embeddable":true,"href":"https:\/\/gowapk.com\/pt-br\/wp-json\/wp\/v2\/comments?post=416"}],"version-history":[{"count":0,"href":"https:\/\/gowapk.com\/pt-br\/wp-json\/wp\/v2\/pages\/416\/revisions"}],"wp:featuredmedia":[{"embeddable":true,"href":"https:\/\/gowapk.com\/pt-br\/wp-json\/wp\/v2\/media\/423"}],"wp:attachment":[{"href":"https:\/\/gowapk.com\/pt-br\/wp-json\/wp\/v2\/media?parent=416"}],"curies":[{"name":"wp","href":"https:\/\/api.w.org\/{rel}","templated":true}]}}